{"id":46,"date":"2025-07-06T14:10:36","date_gmt":"2025-07-06T18:10:36","guid":{"rendered":"https:\/\/felixfbenoit.net\/accueil\/"},"modified":"2025-07-26T08:37:02","modified_gmt":"2025-07-26T12:37:02","slug":"accueil","status":"publish","type":"page","link":"https:\/\/felixfbenoit.net\/fr\/","title":{"rendered":"Accueil"},"content":{"rendered":"<style>html[dir=\"rtl\"] .wpml-language-switcher-block .wpml-ls-dropdown ul li.wp-block-navigation-submenu .wp-block-navigation-submenu__toggle img{margin-left:12px}html[dir=\"rtl\"] .wpml-language-switcher-block .wpml-ls-dropdown ul li.wp-block-navigation-submenu ul.isHorizontal li{text-align:right}html[dir=\"rtl\"] .wpml-language-switcher-block .wpml-ls-dropdown ul li.wp-block-navigation-submenu ul.isHorizontal li a img{margin-left:12px}.wpml-language-switcher-block{display:flex;box-sizing:border-box;width:100% !important}.wpml-language-switcher-block>.wp-block-navigation-item,.wpml-language-switcher-block>.wp-block-navigation-item>div{display:flex;width:100% !important}.wpml-language-switcher-block .wp-block-navigation__container{background:unset !important}.wpml-language-switcher-block .hide-arrow .wp-block-navigation__submenu-icon{display:none}.wpml-language-switcher-block .wpml-ls-dropdown ul li button{padding:0}.wpml-language-switcher-block .wpml-ls-dropdown ul li button+.isHorizontal{min-width:inherit !important}.wpml-language-switcher-block .wpml-ls-dropdown ul li button+.isHorizontal li{width:inherit !important}.wpml-language-switcher-block .wpml-ls-dropdown ul li button+.isHorizontal li a{display:flex;align-items:center;min-width:max-content}.wpml-language-switcher-block .wpml-ls-dropdown ul li.wp-block-navigation-submenu ul.isHorizontal{margin:0;min-width:inherit !important}.wpml-language-switcher-block .wpml-ls-dropdown ul li.wp-block-navigation-submenu ul.isHorizontal li{width:inherit !important;text-align:left}.wpml-language-switcher-block .wpml-ls-dropdown ul li.wp-block-navigation-submenu ul.isHorizontal li a{display:flex;align-items:center;min-width:max-content}.wpml-language-switcher-block ul{list-style-type:none !important;padding:0 !important;width:100%}.wpml-language-switcher-block ul li{margin:0 !important}.wpml-language-switcher-block ul.wp-block-navigation__submenu-container{border:inherit !important;background-color:unset !important;min-width:unset !important}.wpml-language-switcher-block ul.wp-block-navigation__submenu-container .wp-block-navigation-item{border-radius:0 !important}.wpml-language-switcher-block ul.wp-block-navigation__submenu-container .wp-block-navigation-item a{display:flex;align-items:center;min-width:max-content;padding:1px}.wpml-language-switcher-block ul.horizontal-list{display:flex;flex-direction:row;align-items:center;justify-content:flex-start;margin:0 !important;gap:1em !important}.wpml-language-switcher-block ul.horizontal-list li{display:inline-block;margin:0;line-height:100%}.wpml-language-switcher-block ul.horizontal-list li a{line-height:100%}.wpml-language-switcher-block ul.center-justify{justify-content:center}.wpml-language-switcher-block ul.center-justify .wp-block-navigation-item{justify-content:center}.wpml-language-switcher-block ul.right-justify{justify-content:right}.wpml-language-switcher-block ul.right-justify .wp-block-navigation-item{justify-content:right}.wpml-language-switcher-block ul.space_between-justify{justify-content:space-between}.wpml-language-switcher-block ul.space_between-justify li>div{white-space:nowrap}.wpml-language-switcher-block .hasHoverColor:hover{color:var(--hover-color) !important}.wpml-language-switcher-block .hasHoverBackgroundColor:hover{background-color:var(--hover-background-color) !important}.wpml-language-switcher-block ul.isHorizontal{padding-left:0;list-style:none}.wpml-language-switcher-block ul.isHorizontal li{display:inline;margin-left:0}.wpml-language-switcher-block ul.isHorizontal li div{display:inline-block}.wpml-language-switcher-block ul.hasSpacing.isHorizontal li:not(:last-child){margin-right:var(--language-spacing) !important}.wpml-language-switcher-block ul.hasSpacing.isVertical li:not(:last-child){margin-bottom:var(--language-spacing) !important}.wpml-language-switcher-block ul.hasSpacing.isVertical .wp-block-navigation-item>div,.wpml-language-switcher-block ul.hasSpacing.isVertical .wp-block-navigation-item>div>a{display:inline-flex;align-items:center}.wpml-language-switcher-block .hasHoverColor:hover{color:var(--hover-color) !important}.wpml-language-switcher-block .hasHoverBackgroundColor:hover{background-color:var(--hover-background-color) !important}.wpml-language-switcher-block .hasFontSize{font-size:var(--font-size) !important}.wpml-language-switcher-block .hasLetterSpacing{letter-spacing:var(--letter-spacing) !important}.wpml-language-switcher-block .hasTextTransform{text-transform:var(--text-transform) !important}.wpml-language-switcher-block .hasFontFamily{font-family:var(--font-family) !important}.wpml-ls-flag{display:inline-block}.wpml-ls-flag-style-btn{border:0px transparent;padding-top:3px !important}.wpml-ls-flag-style-btn.black-bg{background-color:black}.wpml-ls-flag-style-btn.transparent-bg{background-color:transparent}.wpml-ls-control-row{border:solid 1px #949494;border-radius:2px;margin-bottom:8px}.wpml-ls-control-row-with-padding{padding:1px}.wpml-ls-number-control{max-width:100%;width:100%}.wpml-ls-slider-control-alert{margin-top:5px !important}.wpml-ls-slider .ant-slider-track{background-color:#3858E9}.wpml-ls-slider .ant-slider-handle{border:solid 1px black}.wpml-ls-control-blue{color:#3858E9 !important}.wpml-ls-number-with-unit-select select{color:#3858E9 !important;font-weight:900 !important}.wpml-ls-control-grey{color:#757575}.wpml-ls-control-bg-grey{background-color:#a6a6a6}.wpml-ls-control-font{font-family:\"SF Pro Text\", sans-serif;font-style:normal;font-weight:400 !important;font-size:13px !important;line-height:140% !important}.wpml-ls-option-btn-col{padding:0.5px}.wpml-ls-no-borders{border:none}.ant-col-8.wpml-ls-option-btn-col{display:inline-flex}.wpml-ls-three-btn-row .wpml-ls-option-btn-wrap{white-space:normal;word-break:break-word}.wpml-ls-three-btn-row .ant-btn-no-height-less-padding{height:unset;padding-right:10px;padding-left:10px}.wpml-ls-full-width{width:100%}.wpml-ls-toggle-control .components-form-toggle.is-checked>.components-form-toggle__track{background-color:#3858E9;border-color:#3858E9}.wpml-ls-toggle-control .components-form-toggle.is-checked>.components-form-toggle__thumb{background-color:white}.wpml-ls-toggle-control .components-form-toggle>.components-form-toggle__track{background-color:white;border-color:black}.wpml-ls-toggle-control .components-form-toggle>.components-form-toggle__thumb{background-color:black}.ant-select-dropdown{min-width:45px !important;max-width:45px !important;width:45px !important}.wpml-ls-color-control{border:1px solid #DDDDDD;border-bottom:0px;padding:10px;box-sizing:border-box}.wpml-ls-color-control.wpml-ls-with-bottom-border{border-bottom:1px solid #DDDDDD}.wpml-ls-color-control .wpml-ls-icon-no-color:hover{cursor:pointer}.wpml-ls-color-control .component-color-indicator{width:25px;height:25px;box-shadow:0px 0px 2px 1px lightgrey}.wpml-ls-color-control .component-color-indicator:hover{cursor:pointer}.wpml-ls-color-control .wpml-ls-color-title{top:3px}.wpml-ls-dimension-control{border-top:solid 1px #e0e0e0}.wpml-ls-dimension-control .components-panel__arrow{visibility:hidden}.wpml-ls-panel-settings-dropdown-container{position:absolute;right:0px}.wpml-ls-icon-link{width:24px;height:24px;top:3px;border-radius:2px}.ant-input-number-handler-wrap{display:none !important}.ant-input-number-input{padding-right:0px !important;padding-left:3px !important}.block-editor-contrast-checker+.block-editor-contrast-checker{display:none}.current-language-item{display:flex;align-items:center;min-height:30px}.current-language-item .wp-block-navigation-item__content>div{display:flex;align-items:center}.wpml-ls-fontLetterCase-control button.components-button.has-icon{margin-right:0 !important;min-width:30px !important;height:30px !important}.wpml-ls-fontLetterSpacing-control div.components-input-control__container{top:4px}[data-wpml='language-item']:first-of-type{margin-top:5px !important}.wpml-ls-dimension-panel .components-panel__arrow{display:none}.wpml-ls-typography-panel .components-panel__arrow{display:none}.wpml-ls-panel-settings-dropdown-container>div>button>span.anticon-more{font-size:large;margin-right:10px}.wpml-ls-panel-settings-dropdown-container>div>button>span.anticon-plus{font-size:medium;margin-right:10px}\n\n<\/style><div id=\"\" class=\"wpml-language-switcher-block is-layout-flex is-responsive has-child-selected wp-block-navigation\"><div class=\"block-editor-block-list__block wp-block wp-block-navigation-item has-link has-child wp-block-navigation-submenu\"><div class=\"wpml-ls-dropdown open-on-hover-click \"><ul class=\"wp-block-navigation__container\"><li class=\"wp-block-navigation-item has-child wp-block-navigation-submenu open-on-hover-click\"><div class=\"wp-block-navigation-item__content wp-block-navigation-submenu__toggle\" aria-expanded=\"false\"><span class=\"current-language-item\" style=\"display:flex;cursor:pointer\" data-wpml=\"current-language-item\"><div style=\"display:inline-block\" class=\"wp-block-navigation-item__content\"><div><span data-wpml=\"label\" data-wpml-label-type=\"native\" class=\"wp-block-navigation-item__label \">Fran&ccedil;ais<\/span><\/div><\/div><span class=\"wp-block-navigation__submenu-icon\"><svg xmlns=\"http:\/\/www.w3.org\/2000\/svg\" width=\"12\" height=\"12\" viewbox=\"0 0 12 12\" fill=\"none\" aria-hidden=\"true\" focusable=\"false\"><path d=\"M1.50002 4L6.00002 8L10.5 4\" stroke-width=\"1.5\"><\/path><\/svg><\/span><\/span><\/div><ul class=\"wp-block-navigation__submenu-container isHorizontal\" style=\"flex-wrap:nowrap\" data-is-drop-zone=\"true\"><li class=\"wp-block-navigation-item \" data-wpml=\"language-item\"><div><a class=\"wp-block-navigation-item__content\" data-wpml=\"link\" href=\"https:\/\/felixfbenoit.net\/\"><span data-wpml=\"label\" data-wpml-label-type=\"native\" class=\"wp-block-navigation-item__label \">English<\/span><\/a><\/div><\/li><\/ul><\/li><\/ul><\/div><\/div><\/div>\n\n\n\n<blockquote class=\"wp-block-quote is-layout-flow wp-block-quote-is-layout-flow\">\n<p>Bienvenue,<br>Je suis quelqu\u2019un qui doit parler pour ceux qui n\u2019ont pas de voix. Cet espace existe pour \u00e9veiller la compr\u00e9hension.<br>Vous verrez bient\u00f4t que ce blog n\u2019est pas comme les autres.<br>Merci de votre lecture.<\/p>\n<\/blockquote>\n\n\n<ul class=\"wp-block-latest-posts__list wp-block-latest-posts\"><li><a class=\"wp-block-latest-posts__post-title\" href=\"https:\/\/felixfbenoit.net\/fr\/connexions-disparates\/\">Connexions Disparates<\/a><\/li>\n<li><a class=\"wp-block-latest-posts__post-title\" href=\"https:\/\/felixfbenoit.net\/fr\/deversement-culturel\/\">D\u00e9versement Culturel<\/a><\/li>\n<\/ul>\n\n\n<p><\/p>\n","protected":false},"excerpt":{"rendered":"<p>Bienvenue,Je suis quelqu\u2019un qui doit parler pour ceux qui n\u2019ont pas de voix. Cet espace existe pour \u00e9veiller la compr\u00e9hension.Vous verrez bient\u00f4t que ce blog n\u2019est pas comme les autres.Merci de votre lecture.<\/p>\n","protected":false},"author":1,"featured_media":0,"parent":0,"menu_order":0,"comment_status":"closed","ping_status":"open","template":"","meta":{"footnotes":""},"class_list":["post-46","page","type-page","status-publish","hentry"],"_links":{"self":[{"href":"https:\/\/felixfbenoit.net\/fr\/wp-json\/wp\/v2\/pages\/46","targetHints":{"allow":["GET"]}}],"collection":[{"href":"https:\/\/felixfbenoit.net\/fr\/wp-json\/wp\/v2\/pages"}],"about":[{"href":"https:\/\/felixfbenoit.net\/fr\/wp-json\/wp\/v2\/types\/page"}],"author":[{"embeddable":true,"href":"https:\/\/felixfbenoit.net\/fr\/wp-json\/wp\/v2\/users\/1"}],"replies":[{"embeddable":true,"href":"https:\/\/felixfbenoit.net\/fr\/wp-json\/wp\/v2\/comments?post=46"}],"version-history":[{"count":2,"href":"https:\/\/felixfbenoit.net\/fr\/wp-json\/wp\/v2\/pages\/46\/revisions"}],"predecessor-version":[{"id":72,"href":"https:\/\/felixfbenoit.net\/fr\/wp-json\/wp\/v2\/pages\/46\/revisions\/72"}],"wp:attachment":[{"href":"https:\/\/felixfbenoit.net\/fr\/wp-json\/wp\/v2\/media?parent=46"}],"curies":[{"name":"wp","href":"https:\/\/api.w.org\/{rel}","templated":true}]}}